{"id":46417,"date":"2025-01-12T11:52:41","date_gmt":"2025-01-12T10:52:41","guid":{"rendered":"https:\/\/computerio.net\/?post_type=product&#038;p=46417"},"modified":"2026-02-16T08:35:11","modified_gmt":"2026-02-16T07:35:11","slug":"asus-nuc-14-pro-ai","status":"publish","type":"product","link":"https:\/\/computerio.net\/pl\/produkt\/asus-nuc-14-pro-ai\/","title":{"rendered":"ASUS NUC 14 Pro AI"},"content":{"rendered":"<p><img fetchpriority=\"high\" decoding=\"async\" class=\"aligncenter wp-image-46599 size-full\" src=\"https:\/\/computerio.net\/wp-content\/uploads\/2025\/01\/computerio.net-asus-nuc-14-pro-ai-banner.webp\" alt=\"computerio.net asus nuc 14 pro ai banner\" width=\"2000\" height=\"367\" srcset=\"https:\/\/computerio.net\/wp-content\/uploads\/2025\/01\/computerio.net-asus-nuc-14-pro-ai-banner.webp 2000w, https:\/\/computerio.net\/wp-content\/uploads\/2025\/01\/computerio.net-asus-nuc-14-pro-ai-banner-300x55.webp 300w, https:\/\/computerio.net\/wp-content\/uploads\/2025\/01\/computerio.net-asus-nuc-14-pro-ai-banner-1024x188.webp 1024w, https:\/\/computerio.net\/wp-content\/uploads\/2025\/01\/computerio.net-asus-nuc-14-pro-ai-banner-768x141.webp 768w, https:\/\/computerio.net\/wp-content\/uploads\/2025\/01\/computerio.net-asus-nuc-14-pro-ai-banner-1536x282.webp 1536w, https:\/\/computerio.net\/wp-content\/uploads\/2025\/01\/computerio.net-asus-nuc-14-pro-ai-banner-18x3.webp 18w, https:\/\/computerio.net\/wp-content\/uploads\/2025\/01\/computerio.net-asus-nuc-14-pro-ai-banner-1320x242.webp 1320w, https:\/\/computerio.net\/wp-content\/uploads\/2025\/01\/computerio.net-asus-nuc-14-pro-ai-banner-600x110.webp 600w\" sizes=\"(max-width: 2000px) 100vw, 2000px\" \/><\/p>\n<h4 style=\"text-align: center;\"><strong><br \/>\n<\/strong>POZNAJ ASUS NUC Pro AI<\/h4>\n<p style=\"text-align: center;\">Marka ASUS NUC reprezentuje zobowi\u0105zanie do doskona\u0142o\u015bci technologicznej, stawiaj\u0105c na pierwszym miejscu innowacyjne wzornictwo produkt\u00f3w, aby przesuwa\u0107 granice wydajno\u015bci i wra\u017ce\u0144 u\u017cytkowania.<br \/>\nOpracowane w ramach partnerstwa firm ASUS i Intel, linie produkt\u00f3w ASUS NUC zapewniaj\u0105 bezkompromisow\u0105 wydajno\u015b\u0107 w najmniejszych obudowach, wspieran\u0105 przez najlepsz\u0105 w bran\u017cy jako\u015b\u0107 i niezawodno\u015b\u0107, innowacyjne modu\u0142owe konstrukcje, wyd\u0142u\u017con\u0105 \u017cywotno\u015b\u0107, inteligentne rozwi\u0105zania ch\u0142odzenia i zaawansowane mo\u017cliwo\u015bci AI. Wszechstronno\u015b\u0107 produkt\u00f3w przejawia si\u0119 w szeregu konfiguracji zaspokajaj\u0105cych r\u00f3\u017cnorodne potrzeby u\u017cytkownik\u00f3w, od programist\u00f3w, przez zaawansowanych u\u017cytkownik\u00f3w, po zwyk\u0142e zastosowania domowe. Jako preferowany wyb\u00f3r dla r\u00f3\u017cnych zastosowa\u0144 biznesowych, specyficznych bran\u017c i codziennych u\u017cytkownik\u00f3w, ASUS NUC \u0142\u0105czy wyj\u0105tkow\u0105 wydajno\u015b\u0107 z podstawowymi funkcjami, maj\u0105c na celu kszta\u0142towanie nowej generacji komputer\u00f3w PC.<br \/>\nKoncentruj\u0105c si\u0119 na wspieraniu r\u00f3\u017cnorodnych bran\u017c i ulepszaniu zastosowa\u0144 PC, ASUS NUC aspiruje do spe\u0142nienia obietnicy marki dotycz\u0105cej dostarczenia nast\u0119pnej generacji komputer\u00f3w (NUC) i wywarcia trwa\u0142ego wp\u0142ywu na stale ewoluuj\u0105cy krajobraz technologiczny.<\/p>\n<p>&nbsp;<\/p>\n<p style=\"text-align: center;\"><img decoding=\"async\" class=\"aligncenter wp-image-45222\" src=\"https:\/\/computerio.net\/wp-content\/uploads\/2024\/11\/computerio.net-intel-core-ultra-9-7-5-arc-graphics-new-300x83.webp\" alt=\"computerio.net intel core ultra 9 7 5 arc graphics new\" width=\"800\" height=\"220\" srcset=\"https:\/\/computerio.net\/wp-content\/uploads\/2024\/11\/computerio.net-intel-core-ultra-9-7-5-arc-graphics-new-300x83.webp 300w, https:\/\/computerio.net\/wp-content\/uploads\/2024\/11\/computerio.net-intel-core-ultra-9-7-5-arc-graphics-new-1024x282.webp 1024w, https:\/\/computerio.net\/wp-content\/uploads\/2024\/11\/computerio.net-intel-core-ultra-9-7-5-arc-graphics-new-768x211.webp 768w, https:\/\/computerio.net\/wp-content\/uploads\/2024\/11\/computerio.net-intel-core-ultra-9-7-5-arc-graphics-new-1536x422.webp 1536w, https:\/\/computerio.net\/wp-content\/uploads\/2024\/11\/computerio.net-intel-core-ultra-9-7-5-arc-graphics-new-18x5.webp 18w, https:\/\/computerio.net\/wp-content\/uploads\/2024\/11\/computerio.net-intel-core-ultra-9-7-5-arc-graphics-new-1320x363.webp 1320w, https:\/\/computerio.net\/wp-content\/uploads\/2024\/11\/computerio.net-intel-core-ultra-9-7-5-arc-graphics-new-600x165.webp 600w, https:\/\/computerio.net\/wp-content\/uploads\/2024\/11\/computerio.net-intel-core-ultra-9-7-5-arc-graphics-new.webp 2000w\" sizes=\"(max-width: 800px) 100vw, 800px\" \/><\/p>\n<h4 style=\"text-align: center;\">SZYBKI PROCESOR I WYDAJNA GRAFIKA<\/h4>\n<p style=\"text-align: center;\">Ju\u017c jest! Z dum\u0105 przedstawiamy komputer ASUS Copilot+. Zasilany najnowszymi procesorami z obs\u0142ug\u0105 sztucznej inteligencji, ten komputer zapewnia wy\u017cszy poziom wra\u017ce\u0144 ze sztucznej inteligencji, ze zwi\u0119kszonym bezpiecze\u0144stwem, szybko\u015bci\u0105 i personalizacj\u0105. Dzi\u0119ki zintegrowanemu silnikowi AI do przyspieszenia oblicze\u0144 AI, Copilot w systemie Windows do spersonalizowanej pomocy, Tw\u00f3j komputer jest teraz Twoim najlepszym towarzyszem. Poczuj r\u00f3\u017cnic\u0119 \u0142atwiej, szybciej, inteligentniej i p\u0142ynniej - ASUS Copilot+ PC zapewnia niezwyk\u0142e wra\u017cenia AI na wyci\u0105gni\u0119cie r\u0119ki.<\/p>\n<p>&nbsp;<\/p>\n<p style=\"text-align: center;\"><img decoding=\"async\" class=\"aligncenter wp-image-39879\" src=\"https:\/\/computerio.net\/wp-content\/uploads\/2024\/04\/computerio.net-wifi-bluetooth-300x110.webp\" alt=\"computerio.net wifi bluetooth\" width=\"400\" height=\"146\" srcset=\"https:\/\/computerio.net\/wp-content\/uploads\/2024\/04\/computerio.net-wifi-bluetooth-300x110.webp 300w, https:\/\/computerio.net\/wp-content\/uploads\/2024\/04\/computerio.net-wifi-bluetooth-1024x374.webp 1024w, https:\/\/computerio.net\/wp-content\/uploads\/2024\/04\/computerio.net-wifi-bluetooth-768x280.webp 768w, https:\/\/computerio.net\/wp-content\/uploads\/2024\/04\/computerio.net-wifi-bluetooth-1536x561.webp 1536w, https:\/\/computerio.net\/wp-content\/uploads\/2024\/04\/computerio.net-wifi-bluetooth-18x7.webp 18w, https:\/\/computerio.net\/wp-content\/uploads\/2024\/04\/computerio.net-wifi-bluetooth-1320x482.webp 1320w, https:\/\/computerio.net\/wp-content\/uploads\/2024\/04\/computerio.net-wifi-bluetooth-600x219.webp 600w, https:\/\/computerio.net\/wp-content\/uploads\/2024\/04\/computerio.net-wifi-bluetooth.webp 2000w\" sizes=\"(max-width: 400px) 100vw, 400px\" \/><\/p>\n<h4 style=\"text-align: center;\">\u0141\u0104CZNO\u015a\u0106 BEZPRZEWODOWA<\/h4>\n<p style=\"text-align: center;\">Urz\u0105dzenie posiada wbudowan\u0105 bezprzewodow\u0105 kart\u0119 sieciow\u0105 Intel\u00ae WiFi 7 BE201 i obs\u0142uguje standard Wi-Fi 7 oraz Bluetooth w wersji 5.4. Uwolnij si\u0119 od kabli i korzystaj z szybkiego po\u0142\u0105czenia Wi-Fi, aby komfortowo przegl\u0105da\u0107 Internet i b\u0142yskawicznie pobiera\u0107 pliki. Dodatkowo pod\u0142\u0105cz bezprzewodow\u0105 klawiatur\u0119 i mysz, s\u0142uchaj muzyki przez s\u0142uchawki Bluetooth czy po\u0142\u0105cz si\u0119 z telefonem.<\/p>\n<p>&nbsp;<\/p>\n<p style=\"text-align: center;\"><img loading=\"lazy\" decoding=\"async\" class=\"aligncenter wp-image-45327\" src=\"https:\/\/computerio.net\/wp-content\/uploads\/2024\/11\/computerio.net-nuc-eco-300x147.webp\" alt=\"computerio.net nuc eco\" width=\"400\" height=\"196\" srcset=\"https:\/\/computerio.net\/wp-content\/uploads\/2024\/11\/computerio.net-nuc-eco-300x147.webp 300w, https:\/\/computerio.net\/wp-content\/uploads\/2024\/11\/computerio.net-nuc-eco-1024x502.webp 1024w, https:\/\/computerio.net\/wp-content\/uploads\/2024\/11\/computerio.net-nuc-eco-768x377.webp 768w, https:\/\/computerio.net\/wp-content\/uploads\/2024\/11\/computerio.net-nuc-eco-1536x753.webp 1536w, https:\/\/computerio.net\/wp-content\/uploads\/2024\/11\/computerio.net-nuc-eco-18x9.webp 18w, https:\/\/computerio.net\/wp-content\/uploads\/2024\/11\/computerio.net-nuc-eco-1320x647.webp 1320w, https:\/\/computerio.net\/wp-content\/uploads\/2024\/11\/computerio.net-nuc-eco-600x294.webp 600w, https:\/\/computerio.net\/wp-content\/uploads\/2024\/11\/computerio.net-nuc-eco.webp 2000w\" sizes=\"(max-width: 400px) 100vw, 400px\" \/><\/p>\n<h4 style=\"text-align: center;\">KOMPAKTOWE WYMIARY I ENERGOOSZCZ\u0118DNO\u015a\u0106<\/h4>\n<p style=\"text-align: center;\">Jego kompaktowa, mniej ni\u017c litrowa obudowa zajmuje minimaln\u0105 ilo\u015b\u0107 miejsca na biurku czy stacji roboczej. Dzi\u0119ki mniejszej ilo\u015bci materia\u0142\u00f3w i opakowa\u0144, ASUS NUC 14 Pro AI oszcz\u0119dza miejsce i energi\u0119 oraz promuje zr\u00f3wnowa\u017cony rozw\u00f3j. Jest wyposa\u017cony w czujnik Wi-Fi zapewniaj\u0105cy inteligentn\u0105 efektywno\u015b\u0107 energetyczn\u0105 oraz 'wypr\u00f3bowan\u0105 i zaufan\u0105' obudow\u0119 zaprojektowan\u0105 z my\u015bl\u0105 o wygodnym dost\u0119pie w celu \u0142atwiejszej, bezpieczniejszej i szybszej aktualizacji.<\/p>","protected":false},"excerpt":{"rendered":"<p>Pierwszy na \u015bwiecie mini PC z procesorem Intel\u00ae Core\u2122 Ultra, wyposa\u017cony w funkcj\u0119 Copilot+, Bluetooth 5.4, polecenia g\u0142osowe i rozpoznawanie odcisk\u00f3w palc\u00f3w z funkcj\u0105 Secure Boot dla wi\u0119kszego bezpiecze\u0144stwa.<br \/>\nZbudowany na ASUS NUC 14 Pro AI barebone kit (Lunar Canyon) z procesorem Intel\u00ae Core\u2122 Ultra 2. generacji (Lunar Lake) i 32GB dwukana\u0142owej pami\u0119ci RAM LPDDR5x-8533<\/p>\n<p><strong>Skonfiguruj sw\u00f3j komputer korzystaj\u0105c z poni\u017cszych opcji.<\/strong> <span class=\"tooltip\"><span style=\"color: #330080;\">\ud83d\udec8<\/span><span class=\"tooltip-text\">Aby tw\u00f3j nowy komputer by\u0142 gotowy do u\u017cycia od razu po wyj\u0119ciu z opakowania, wybierz co najmniej: <strong>Procesor<\/strong>, <strong>Dysk g\u0142\u00f3wny (SSD)<\/strong> i <strong>System operacyjny<\/strong>.<\/span><\/span><\/p>","protected":false},"featured_media":46600,"comment_status":"open","ping_status":"closed","template":"","meta":{"site-sidebar-layout":"default","site-content-layout":"","ast-site-content-layout":"default","site-content-style":"default","site-sidebar-style":"default","ast-global-header-display":"","ast-banner-title-visibility":"","ast-main-header-display":"","ast-hfb-above-header-display":"","ast-hfb-below-header-display":"","ast-hfb-mobile-header-display":"","site-post-title":"","ast-breadcrumbs-content":"","ast-featured-img":"","footer-sml-layout":"","ast-disable-related-posts":"","theme-transparent-header-meta":"default","adv-header-id-meta":"","stick-header-meta":"","header-above-stick-meta":"","header-main-stick-meta":"","header-below-stick-meta":"","astra-migrate-meta-layouts":"set","ast-page-background-enabled":"default","ast-page-background-meta":{"desktop":{"background-color":"","background-image":"","background-repeat":"repeat","background-position":"center center","background-size":"auto","background-attachment":"scroll","background-type":"","background-media":"","overlay-type":"","overlay-color":"","overlay-opacity":"","overlay-gradient":""},"tablet":{"background-color":"","background-image":"","background-repeat":"repeat","background-position":"center center","background-size":"auto","background-attachment":"scroll","background-type":"","background-media":"","overlay-type":"","overlay-color":"","overlay-opacity":"","overlay-gradient":""},"mobile":{"background-color":"","background-image":"","background-repeat":"repeat","background-position":"center center","background-size":"auto","background-attachment":"scroll","background-type":"","background-media":"","overlay-type":"","overlay-color":"","overlay-opacity":"","overlay-gradient":""}},"ast-content-background-meta":{"desktop":{"background-color":"var(--ast-global-color-5)","background-image":"","background-repeat":"repeat","background-position":"center center","background-size":"auto","background-attachment":"scroll","background-type":"","background-media":"","overlay-type":"","overlay-color":"","overlay-opacity":"","overlay-gradient":""},"tablet":{"background-color":"var(--ast-global-color-5)","background-image":"","background-repeat":"repeat","background-position":"center center","background-size":"auto","background-attachment":"scroll","background-type":"","background-media":"","overlay-type":"","overlay-color":"","overlay-opacity":"","overlay-gradient":""},"mobile":{"background-color":"var(--ast-global-color-5)","background-image":"","background-repeat":"repeat","background-position":"center center","background-size":"auto","background-attachment":"scroll","background-type":"","background-media":"","overlay-type":"","overlay-color":"","overlay-opacity":"","overlay-gradient":""}}},"product_brand":[199],"product_cat":[27,28],"product_tag":[113,95,99,112,118,119,114,97,115,98],"class_list":{"0":"post-46417","1":"product","2":"type-product","3":"status-publish","4":"has-post-thumbnail","6":"product_brand-asus","7":"product_cat-intel-nuc-builder","8":"product_cat-pro","9":"product_tag-biuro","10":"product_tag-builder","11":"product_tag-business","12":"product_tag-dom","13":"product_tag-energooszczedny","14":"product_tag-energy-efficient","15":"product_tag-firma","16":"product_tag-home","17":"product_tag-konfigurator","18":"product_tag-office","19":"desktop-align-center","20":"tablet-align-center","21":"mobile-align-center","23":"first","24":"outofstock","25":"taxable","26":"shipping-taxable","27":"purchasable","28":"product-type-variable"},"yoast_head":"<!-- This site is optimized with the Yoast SEO plugin v27.3 - https:\/\/yoast.com\/product\/yoast-seo-wordpress\/ -->\n<title>ASUS NUC 14 Pro AI | COMPUTERIO<\/title>\n<meta name=\"description\" content=\"World\u2019s first Mini PC Powered by the Intel\u00ae Core\u2122 Ultra processor, featuring Copilot+, Bluetooth 5.4, voice commands, and fingerprint recognition with Secure Boot for enhanced security. Built on ASUS NUC 14 Pro AI barebone kit (Lunar Canyon) with a 2nd generation Intel\u00ae Core\u2122 Ultra processor (Lunar Lake) and 32GB dual-channel LPDDR5x-8533 memory.  Configure your computer using the options below. \ud83d\udec8To make your new computer ready to use right out of the box, select at least: Processor, Main storage (SSD) and Operating system.\" \/>\n<meta name=\"robots\" content=\"index, follow, max-snippet:-1, max-image-preview:large, max-video-preview:-1\" \/>\n<link rel=\"canonical\" href=\"https:\/\/computerio.net\/pl\/produkt\/asus-nuc-14-pro-ai\/\" \/>\n<meta property=\"og:locale\" content=\"pl_PL\" \/>\n<meta property=\"og:type\" content=\"article\" \/>\n<meta property=\"og:title\" content=\"ASUS NUC 14 Pro AI | COMPUTERIO\" \/>\n<meta property=\"og:description\" content=\"World\u2019s first Mini PC Powered by the Intel\u00ae Core\u2122 Ultra processor, featuring Copilot+, Bluetooth 5.4, voice commands, and fingerprint recognition with Secure Boot for enhanced security. Built on ASUS NUC 14 Pro AI barebone kit (Lunar Canyon) with a 2nd generation Intel\u00ae Core\u2122 Ultra processor (Lunar Lake) and 32GB dual-channel LPDDR5x-8533 memory.  Configure your computer using the options below. \ud83d\udec8To make your new computer ready to use right out of the box, select at least: Processor, Main storage (SSD) and Operating system.\" \/>\n<meta property=\"og:url\" content=\"https:\/\/computerio.net\/pl\/produkt\/asus-nuc-14-pro-ai\/\" \/>\n<meta property=\"og:site_name\" content=\"COMPUTERIO\" \/>\n<meta property=\"article:modified_time\" content=\"2026-02-16T07:35:11+00:00\" \/>\n<meta property=\"og:image\" content=\"https:\/\/computerio.net\/wp-content\/uploads\/2025\/01\/computerio.net-asus-nuc-14-pro-ai-render1.webp\" \/>\n\t<meta property=\"og:image:width\" content=\"2000\" \/>\n\t<meta property=\"og:image:height\" content=\"2000\" \/>\n\t<meta property=\"og:image:type\" content=\"image\/webp\" \/>\n<meta name=\"twitter:card\" content=\"summary_large_image\" \/>\n<meta name=\"twitter:label1\" content=\"Szacowany czas czytania\" \/>\n\t<meta name=\"twitter:data1\" content=\"3 minuty\" \/>\n<script type=\"application\/ld+json\" class=\"yoast-schema-graph\">{\"@context\":\"https:\\\/\\\/schema.org\",\"@graph\":[{\"@type\":\"WebPage\",\"@id\":\"https:\\\/\\\/computerio.net\\\/product\\\/asus-nuc-14-pro-ai\\\/\",\"url\":\"https:\\\/\\\/computerio.net\\\/product\\\/asus-nuc-14-pro-ai\\\/\",\"name\":\"ASUS NUC 14 Pro AI | COMPUTERIO\",\"isPartOf\":{\"@id\":\"https:\\\/\\\/computerio.net\\\/#website\"},\"primaryImageOfPage\":{\"@id\":\"https:\\\/\\\/computerio.net\\\/product\\\/asus-nuc-14-pro-ai\\\/#primaryimage\"},\"image\":{\"@id\":\"https:\\\/\\\/computerio.net\\\/product\\\/asus-nuc-14-pro-ai\\\/#primaryimage\"},\"thumbnailUrl\":\"https:\\\/\\\/computerio.net\\\/wp-content\\\/uploads\\\/2025\\\/01\\\/computerio.net-asus-nuc-14-pro-ai-render1.webp\",\"datePublished\":\"2025-01-12T10:52:41+00:00\",\"dateModified\":\"2026-02-16T07:35:11+00:00\",\"description\":\"World\u2019s first Mini PC Powered by the Intel\u00ae Core\u2122 Ultra processor, featuring Copilot+, Bluetooth 5.4, voice commands, and fingerprint recognition with Secure Boot for enhanced security. Built on ASUS NUC 14 Pro AI barebone kit (Lunar Canyon) with a 2nd generation Intel\u00ae Core\u2122 Ultra processor (Lunar Lake) and 32GB dual-channel LPDDR5x-8533 memory. Configure your computer using the options below. \ud83d\udec8To make your new computer ready to use right out of the box, select at least: Processor, Main storage (SSD) and Operating system.\",\"breadcrumb\":{\"@id\":\"https:\\\/\\\/computerio.net\\\/product\\\/asus-nuc-14-pro-ai\\\/#breadcrumb\"},\"inLanguage\":\"pl-PL\",\"potentialAction\":[{\"@type\":\"ReadAction\",\"target\":[\"https:\\\/\\\/computerio.net\\\/product\\\/asus-nuc-14-pro-ai\\\/\"]}]},{\"@type\":\"ImageObject\",\"inLanguage\":\"pl-PL\",\"@id\":\"https:\\\/\\\/computerio.net\\\/product\\\/asus-nuc-14-pro-ai\\\/#primaryimage\",\"url\":\"https:\\\/\\\/computerio.net\\\/wp-content\\\/uploads\\\/2025\\\/01\\\/computerio.net-asus-nuc-14-pro-ai-render1.webp\",\"contentUrl\":\"https:\\\/\\\/computerio.net\\\/wp-content\\\/uploads\\\/2025\\\/01\\\/computerio.net-asus-nuc-14-pro-ai-render1.webp\",\"width\":2000,\"height\":2000,\"caption\":\"computerio.net asus nuc 14 pro ai render1\"},{\"@type\":\"BreadcrumbList\",\"@id\":\"https:\\\/\\\/computerio.net\\\/product\\\/asus-nuc-14-pro-ai\\\/#breadcrumb\",\"itemListElement\":[{\"@type\":\"ListItem\",\"position\":1,\"name\":\"Home\",\"item\":\"https:\\\/\\\/computerio.net\\\/\"},{\"@type\":\"ListItem\",\"position\":2,\"name\":\"Shop\",\"item\":\"https:\\\/\\\/computerio.net\\\/shop\\\/\"},{\"@type\":\"ListItem\",\"position\":3,\"name\":\"ASUS NUC 14 Pro AI\"}]},{\"@type\":\"WebSite\",\"@id\":\"https:\\\/\\\/computerio.net\\\/#website\",\"url\":\"https:\\\/\\\/computerio.net\\\/\",\"name\":\"COMPUTERIO\",\"description\":\"Sklep i konfigurator ASUS Intel NUC\",\"publisher\":{\"@id\":\"https:\\\/\\\/computerio.net\\\/#organization\"},\"potentialAction\":[{\"@type\":\"SearchAction\",\"target\":{\"@type\":\"EntryPoint\",\"urlTemplate\":\"https:\\\/\\\/computerio.net\\\/?s={search_term_string}\"},\"query-input\":{\"@type\":\"PropertyValueSpecification\",\"valueRequired\":true,\"valueName\":\"search_term_string\"}}],\"inLanguage\":\"pl-PL\"},{\"@type\":\"Organization\",\"@id\":\"https:\\\/\\\/computerio.net\\\/#organization\",\"name\":\"Lazurion Sp. z o.o.\",\"alternateName\":\"Lazurion\",\"url\":\"https:\\\/\\\/computerio.net\\\/\",\"logo\":{\"@type\":\"ImageObject\",\"inLanguage\":\"pl-PL\",\"@id\":\"https:\\\/\\\/computerio.net\\\/#\\\/schema\\\/logo\\\/image\\\/\",\"url\":\"\",\"contentUrl\":\"\",\"caption\":\"Lazurion Sp. z o.o.\"},\"image\":{\"@id\":\"https:\\\/\\\/computerio.net\\\/#\\\/schema\\\/logo\\\/image\\\/\"}}]}<\/script>\n<!-- \/ Yoast SEO plugin. -->","yoast_head_json":{"title":"ASUS NUC 14 Pro AI | COMPUTERIO","description":"World\u2019s first Mini PC Powered by the Intel\u00ae Core\u2122 Ultra processor, featuring Copilot+, Bluetooth 5.4, voice commands, and fingerprint recognition with Secure Boot for enhanced security. Built on ASUS NUC 14 Pro AI barebone kit (Lunar Canyon) with a 2nd generation Intel\u00ae Core\u2122 Ultra processor (Lunar Lake) and 32GB dual-channel LPDDR5x-8533 memory.  Configure your computer using the options below. \ud83d\udec8To make your new computer ready to use right out of the box, select at least: Processor, Main storage (SSD) and Operating system.","robots":{"index":"index","follow":"follow","max-snippet":"max-snippet:-1","max-image-preview":"max-image-preview:large","max-video-preview":"max-video-preview:-1"},"canonical":"https:\/\/computerio.net\/pl\/produkt\/asus-nuc-14-pro-ai\/","og_locale":"pl_PL","og_type":"article","og_title":"ASUS NUC 14 Pro AI | COMPUTERIO","og_description":"World\u2019s first Mini PC Powered by the Intel\u00ae Core\u2122 Ultra processor, featuring Copilot+, Bluetooth 5.4, voice commands, and fingerprint recognition with Secure Boot for enhanced security. Built on ASUS NUC 14 Pro AI barebone kit (Lunar Canyon) with a 2nd generation Intel\u00ae Core\u2122 Ultra processor (Lunar Lake) and 32GB dual-channel LPDDR5x-8533 memory.  Configure your computer using the options below. \ud83d\udec8To make your new computer ready to use right out of the box, select at least: Processor, Main storage (SSD) and Operating system.","og_url":"https:\/\/computerio.net\/pl\/produkt\/asus-nuc-14-pro-ai\/","og_site_name":"COMPUTERIO","article_modified_time":"2026-02-16T07:35:11+00:00","og_image":[{"width":2000,"height":2000,"url":"https:\/\/computerio.net\/wp-content\/uploads\/2025\/01\/computerio.net-asus-nuc-14-pro-ai-render1.webp","type":"image\/webp"}],"twitter_card":"summary_large_image","twitter_misc":{"Szacowany czas czytania":"3 minuty"},"schema":{"@context":"https:\/\/schema.org","@graph":[{"@type":"WebPage","@id":"https:\/\/computerio.net\/product\/asus-nuc-14-pro-ai\/","url":"https:\/\/computerio.net\/product\/asus-nuc-14-pro-ai\/","name":"ASUS NUC 14 Pro AI | COMPUTERIO","isPartOf":{"@id":"https:\/\/computerio.net\/#website"},"primaryImageOfPage":{"@id":"https:\/\/computerio.net\/product\/asus-nuc-14-pro-ai\/#primaryimage"},"image":{"@id":"https:\/\/computerio.net\/product\/asus-nuc-14-pro-ai\/#primaryimage"},"thumbnailUrl":"https:\/\/computerio.net\/wp-content\/uploads\/2025\/01\/computerio.net-asus-nuc-14-pro-ai-render1.webp","datePublished":"2025-01-12T10:52:41+00:00","dateModified":"2026-02-16T07:35:11+00:00","description":"World\u2019s first Mini PC Powered by the Intel\u00ae Core\u2122 Ultra processor, featuring Copilot+, Bluetooth 5.4, voice commands, and fingerprint recognition with Secure Boot for enhanced security. Built on ASUS NUC 14 Pro AI barebone kit (Lunar Canyon) with a 2nd generation Intel\u00ae Core\u2122 Ultra processor (Lunar Lake) and 32GB dual-channel LPDDR5x-8533 memory. Configure your computer using the options below. \ud83d\udec8To make your new computer ready to use right out of the box, select at least: Processor, Main storage (SSD) and Operating system.","breadcrumb":{"@id":"https:\/\/computerio.net\/product\/asus-nuc-14-pro-ai\/#breadcrumb"},"inLanguage":"pl-PL","potentialAction":[{"@type":"ReadAction","target":["https:\/\/computerio.net\/product\/asus-nuc-14-pro-ai\/"]}]},{"@type":"ImageObject","inLanguage":"pl-PL","@id":"https:\/\/computerio.net\/product\/asus-nuc-14-pro-ai\/#primaryimage","url":"https:\/\/computerio.net\/wp-content\/uploads\/2025\/01\/computerio.net-asus-nuc-14-pro-ai-render1.webp","contentUrl":"https:\/\/computerio.net\/wp-content\/uploads\/2025\/01\/computerio.net-asus-nuc-14-pro-ai-render1.webp","width":2000,"height":2000,"caption":"computerio.net asus nuc 14 pro ai render1"},{"@type":"BreadcrumbList","@id":"https:\/\/computerio.net\/product\/asus-nuc-14-pro-ai\/#breadcrumb","itemListElement":[{"@type":"ListItem","position":1,"name":"Home","item":"https:\/\/computerio.net\/"},{"@type":"ListItem","position":2,"name":"Shop","item":"https:\/\/computerio.net\/shop\/"},{"@type":"ListItem","position":3,"name":"ASUS NUC 14 Pro AI"}]},{"@type":"WebSite","@id":"https:\/\/computerio.net\/#website","url":"https:\/\/computerio.net\/","name":"COMPUTERIO","description":"Sklep i konfigurator ASUS Intel NUC","publisher":{"@id":"https:\/\/computerio.net\/#organization"},"potentialAction":[{"@type":"SearchAction","target":{"@type":"EntryPoint","urlTemplate":"https:\/\/computerio.net\/?s={search_term_string}"},"query-input":{"@type":"PropertyValueSpecification","valueRequired":true,"valueName":"search_term_string"}}],"inLanguage":"pl-PL"},{"@type":"Organization","@id":"https:\/\/computerio.net\/#organization","name":"Lazurion Sp. z o.o.","alternateName":"Lazurion","url":"https:\/\/computerio.net\/","logo":{"@type":"ImageObject","inLanguage":"pl-PL","@id":"https:\/\/computerio.net\/#\/schema\/logo\/image\/","url":"","contentUrl":"","caption":"Lazurion Sp. z o.o."},"image":{"@id":"https:\/\/computerio.net\/#\/schema\/logo\/image\/"}}]}},"_links":{"self":[{"href":"https:\/\/computerio.net\/pl\/wp-json\/wp\/v2\/product\/46417","targetHints":{"allow":["GET"]}}],"collection":[{"href":"https:\/\/computerio.net\/pl\/wp-json\/wp\/v2\/product"}],"about":[{"href":"https:\/\/computerio.net\/pl\/wp-json\/wp\/v2\/types\/product"}],"replies":[{"embeddable":true,"href":"https:\/\/computerio.net\/pl\/wp-json\/wp\/v2\/comments?post=46417"}],"version-history":[{"count":8,"href":"https:\/\/computerio.net\/pl\/wp-json\/wp\/v2\/product\/46417\/revisions"}],"predecessor-version":[{"id":59061,"href":"https:\/\/computerio.net\/pl\/wp-json\/wp\/v2\/product\/46417\/revisions\/59061"}],"wp:featuredmedia":[{"embeddable":true,"href":"https:\/\/computerio.net\/pl\/wp-json\/wp\/v2\/media\/46600"}],"wp:attachment":[{"href":"https:\/\/computerio.net\/pl\/wp-json\/wp\/v2\/media?parent=46417"}],"wp:term":[{"taxonomy":"product_brand","embeddable":true,"href":"https:\/\/computerio.net\/pl\/wp-json\/wp\/v2\/product_brand?post=46417"},{"taxonomy":"product_cat","embeddable":true,"href":"https:\/\/computerio.net\/pl\/wp-json\/wp\/v2\/product_cat?post=46417"},{"taxonomy":"product_tag","embeddable":true,"href":"https:\/\/computerio.net\/pl\/wp-json\/wp\/v2\/product_tag?post=46417"}],"curies":[{"name":"wp","href":"https:\/\/api.w.org\/{rel}","templated":true}]}}