{"id":60032,"date":"2025-05-04T13:20:50","date_gmt":"2025-05-04T12:20:50","guid":{"rendered":"https:\/\/computerio.net\/?post_type=product&#038;p=60032"},"modified":"2025-07-16T11:28:52","modified_gmt":"2025-07-16T10:28:52","slug":"bryton-rider-650","status":"publish","type":"product","link":"https:\/\/computerio.net\/pl\/produkt\/bryton-rider-650\/","title":{"rendered":"Bryton Rider 650"},"content":{"rendered":"<h3><img decoding=\"async\" class=\"aligncenter wp-image-57624 size-medium\" src=\"https:\/\/computerio.net\/wp-content\/uploads\/2025\/05\/computerio.net-bryton-logo-300x76.webp\" alt=\"bryton logo\" width=\"300\" height=\"76\" srcset=\"https:\/\/computerio.net\/wp-content\/uploads\/2025\/05\/computerio.net-bryton-logo-300x76.webp 300w, https:\/\/computerio.net\/wp-content\/uploads\/2025\/05\/computerio.net-bryton-logo-1024x261.webp 1024w, https:\/\/computerio.net\/wp-content\/uploads\/2025\/05\/computerio.net-bryton-logo-768x195.webp 768w, https:\/\/computerio.net\/wp-content\/uploads\/2025\/05\/computerio.net-bryton-logo-1536x391.webp 1536w, https:\/\/computerio.net\/wp-content\/uploads\/2025\/05\/computerio.net-bryton-logo-18x5.webp 18w, https:\/\/computerio.net\/wp-content\/uploads\/2025\/05\/computerio.net-bryton-logo-1320x336.webp 1320w, https:\/\/computerio.net\/wp-content\/uploads\/2025\/05\/computerio.net-bryton-logo-600x153.webp 600w, https:\/\/computerio.net\/wp-content\/uploads\/2025\/05\/computerio.net-bryton-logo.webp 2000w\" sizes=\"(max-width: 300px) 100vw, 300px\" \/><\/h3>\n<h3><\/h3>\n<h4>Key features<\/h4>\n<ul>\n<li dir=\"ltr\">[2.8 inch Color Touchscreen &amp; Light Sensor] The Rider 650 features a 2.8-inch color touchscreen with ambient light sensor that automatically adjusts screen brightness as lighting conditions change in the surroundings. With user-friendly Graphical User Interface (GUI), cyclist can view essential information at a glance<\/li>\n<li dir=\"ltr\">[33 Hours Long Battery Life] Enjoy uninterrupted performance with up to 33 hours of battery life without worrying about frequent recharges, ready to challenge any long-distance ride<\/li>\n<li>[Climb Challenge] As you approach a climb, Climb Challenge provides color graphical climb segments preview, showing grade, remaining distance and ascent, which allows the cyclists to better adapt to the uphill terrains for training!<\/li>\n<li>[Function Key Button] Introducing the bonus button which you can change to the function you like, such as jump to map page, latest notification flash back, long press to save the activity, etc.<\/li>\n<li>[Quick-Status Menu] Viewable from any meter page, the upgraded quick-status menu gives an overview of your ride at a glance, including sensor status, battery level, GPS signal, time, and the latest notifications with just a tap of the screen<\/li>\n<\/ul>\n<h4>What&#8217;s in the box<\/h4>\n<p><a href=\"https:\/\/computerio.net\/wp-content\/uploads\/2025\/07\/computerio.net-bryton-rider-650-5.webp\"><img fetchpriority=\"high\" decoding=\"async\" class=\"wp-image-60038 size-medium alignnone\" src=\"https:\/\/computerio.net\/wp-content\/uploads\/2025\/07\/computerio.net-bryton-rider-650-5-300x300.webp\" alt=\"computerio.net bryton rider 650 5\" width=\"300\" height=\"300\" srcset=\"https:\/\/computerio.net\/wp-content\/uploads\/2025\/07\/computerio.net-bryton-rider-650-5-300x300.webp 300w, https:\/\/computerio.net\/wp-content\/uploads\/2025\/07\/computerio.net-bryton-rider-650-5-150x150.webp 150w, https:\/\/computerio.net\/wp-content\/uploads\/2025\/07\/computerio.net-bryton-rider-650-5-768x768.webp 768w, https:\/\/computerio.net\/wp-content\/uploads\/2025\/07\/computerio.net-bryton-rider-650-5-12x12.webp 12w, https:\/\/computerio.net\/wp-content\/uploads\/2025\/07\/computerio.net-bryton-rider-650-5-600x600.webp 600w, https:\/\/computerio.net\/wp-content\/uploads\/2025\/07\/computerio.net-bryton-rider-650-5-100x100.webp 100w, https:\/\/computerio.net\/wp-content\/uploads\/2025\/07\/computerio.net-bryton-rider-650-5.webp 1000w\" sizes=\"(max-width: 300px) 100vw, 300px\" \/><\/a><\/p>\n<p><strong>Bryton Rider 650 E:<\/strong><\/p>\n<ul>\n<li>Rider 650<\/li>\n<li>Bike Mount<\/li>\n<li>USB-C cable<\/li>\n<li>Safety lanyard<\/li>\n<li>Conversion Kit V2<\/li>\n<\/ul>\n<p><a href=\"https:\/\/computerio.net\/wp-content\/uploads\/2025\/07\/computerio.net-bryton-rider-650-6.webp\"><img decoding=\"async\" class=\"wp-image-60039 size-medium alignnone\" src=\"https:\/\/computerio.net\/wp-content\/uploads\/2025\/07\/computerio.net-bryton-rider-650-6-300x300.webp\" alt=\"computerio.net bryton rider 650 6\" width=\"300\" height=\"300\" srcset=\"https:\/\/computerio.net\/wp-content\/uploads\/2025\/07\/computerio.net-bryton-rider-650-6-300x300.webp 300w, https:\/\/computerio.net\/wp-content\/uploads\/2025\/07\/computerio.net-bryton-rider-650-6-150x150.webp 150w, https:\/\/computerio.net\/wp-content\/uploads\/2025\/07\/computerio.net-bryton-rider-650-6-768x768.webp 768w, https:\/\/computerio.net\/wp-content\/uploads\/2025\/07\/computerio.net-bryton-rider-650-6-12x12.webp 12w, https:\/\/computerio.net\/wp-content\/uploads\/2025\/07\/computerio.net-bryton-rider-650-6-600x600.webp 600w, https:\/\/computerio.net\/wp-content\/uploads\/2025\/07\/computerio.net-bryton-rider-650-6-100x100.webp 100w, https:\/\/computerio.net\/wp-content\/uploads\/2025\/07\/computerio.net-bryton-rider-650-6.webp 1000w\" sizes=\"(max-width: 300px) 100vw, 300px\" \/><\/a><\/p>\n<p><strong>Bryton Rider 650 T:<\/strong><\/p>\n<ul>\n<li>Rider 650<\/li>\n<li>Smart Heart Rate Monitor<\/li>\n<li>Smart Cadence Sensor<\/li>\n<li>Smart Speed Sensor<\/li>\n<li>Bike Mount<\/li>\n<li>USB-C cable<\/li>\n<li>Safety lanyard<\/li>\n<li>Conversion Kit V2<\/li>\n<\/ul>\n","protected":false},"excerpt":{"rendered":"<p>Ca\u0142kowicie nowe komputery rowerowe GPS Rider 650 zosta\u0142y zaprojektowane tak, aby oferowa\u0107 zaawansowane funkcje, przyjazn\u0105 dla u\u017cytkownika funkcjonalno\u015b\u0107 i przejrzysto\u015b\u0107 w pe\u0142nym kolorze, a wszystko to w cenie, kt\u00f3ra pasuje do bud\u017cetu ka\u017cdego rowerzysty. Bryton odwa\u017cnie wykracza poza tradycyjne czarno-bia\u0142e wy\u015bwietlacze, zapocz\u0105tkowuj\u0105c now\u0105 er\u0119 komputer\u00f3w rowerowych z \u017cywym, pe\u0142nokolorowym graficznym interfejsem u\u017cytkownika.<\/p>","protected":false},"featured_media":60034,"comment_status":"open","ping_status":"closed","template":"","meta":{"site-sidebar-layout":"default","site-content-layout":"","ast-site-content-layout":"default","site-content-style":"default","site-sidebar-style":"default","ast-global-header-display":"","ast-banner-title-visibility":"","ast-main-header-display":"","ast-hfb-above-header-display":"","ast-hfb-below-header-display":"","ast-hfb-mobile-header-display":"","site-post-title":"","ast-breadcrumbs-content":"","ast-featured-img":"","footer-sml-layout":"","ast-disable-related-posts":"","theme-transparent-header-meta":"default","adv-header-id-meta":"","stick-header-meta":"","header-above-stick-meta":"","header-main-stick-meta":"","header-below-stick-meta":"","astra-migrate-meta-layouts":"set","ast-page-background-enabled":"default","ast-page-background-meta":{"desktop":{"background-color":"","background-image":"","background-repeat":"repeat","background-position":"center center","background-size":"auto","background-attachment":"scroll","background-type":"","background-media":"","overlay-type":"","overlay-color":"","overlay-opacity":"","overlay-gradient":""},"tablet":{"background-color":"","background-image":"","background-repeat":"repeat","background-position":"center center","background-size":"auto","background-attachment":"scroll","background-type":"","background-media":"","overlay-type":"","overlay-color":"","overlay-opacity":"","overlay-gradient":""},"mobile":{"background-color":"","background-image":"","background-repeat":"repeat","background-position":"center center","background-size":"auto","background-attachment":"scroll","background-type":"","background-media":"","overlay-type":"","overlay-color":"","overlay-opacity":"","overlay-gradient":""}},"ast-content-background-meta":{"desktop":{"background-color":"var(--ast-global-color-5)","background-image":"","background-repeat":"repeat","background-position":"center center","background-size":"auto","background-attachment":"scroll","background-type":"","background-media":"","overlay-type":"","overlay-color":"","overlay-opacity":"","overlay-gradient":""},"tablet":{"background-color":"var(--ast-global-color-5)","background-image":"","background-repeat":"repeat","background-position":"center center","background-size":"auto","background-attachment":"scroll","background-type":"","background-media":"","overlay-type":"","overlay-color":"","overlay-opacity":"","overlay-gradient":""},"mobile":{"background-color":"var(--ast-global-color-5)","background-image":"","background-repeat":"repeat","background-position":"center center","background-size":"auto","background-attachment":"scroll","background-type":"","background-media":"","overlay-type":"","overlay-color":"","overlay-opacity":"","overlay-gradient":""}}},"product_brand":[200],"product_cat":[202,201],"product_tag":[],"class_list":{"0":"post-60032","1":"product","2":"type-product","3":"status-publish","4":"has-post-thumbnail","6":"product_brand-bryton","7":"product_cat-cycling-computers","8":"product_cat-sport","9":"desktop-align-center","10":"tablet-align-center","11":"mobile-align-center","13":"first","14":"instock","15":"taxable","16":"shipping-taxable","17":"product-type-grouped"},"yoast_head":"<!-- This site is optimized with the Yoast SEO plugin v27.3 - https:\/\/yoast.com\/product\/yoast-seo-wordpress\/ -->\n<title>Bryton Rider 650 | COMPUTERIO<\/title>\n<meta name=\"description\" content=\"The Rider 650 all-new GPS cycling computers designed to offer advanced features, user-friendly functionality, and full-color clarity all at a price that fits every rider\u2019s budget. Bryton is boldly moving beyond traditional black-and-white displays, ushering in a new era of cycling computers with vibrant full-color graphic user interfaces.\" \/>\n<meta name=\"robots\" content=\"index, follow, max-snippet:-1, max-image-preview:large, max-video-preview:-1\" \/>\n<link rel=\"canonical\" href=\"https:\/\/computerio.net\/pl\/produkt\/bryton-rider-650\/\" \/>\n<meta property=\"og:locale\" content=\"pl_PL\" \/>\n<meta property=\"og:type\" content=\"article\" \/>\n<meta property=\"og:title\" content=\"Bryton Rider 650 | COMPUTERIO\" \/>\n<meta property=\"og:description\" content=\"The Rider 650 all-new GPS cycling computers designed to offer advanced features, user-friendly functionality, and full-color clarity all at a price that fits every rider\u2019s budget. Bryton is boldly moving beyond traditional black-and-white displays, ushering in a new era of cycling computers with vibrant full-color graphic user interfaces.\" \/>\n<meta property=\"og:url\" content=\"https:\/\/computerio.net\/pl\/produkt\/bryton-rider-650\/\" \/>\n<meta property=\"og:site_name\" content=\"COMPUTERIO\" \/>\n<meta property=\"article:modified_time\" content=\"2025-07-16T10:28:52+00:00\" \/>\n<meta property=\"og:image\" content=\"https:\/\/computerio.net\/wp-content\/uploads\/2025\/07\/computerio.net-bryton-rider-650-1.webp\" \/>\n\t<meta property=\"og:image:width\" content=\"1000\" \/>\n\t<meta property=\"og:image:height\" content=\"1000\" \/>\n\t<meta property=\"og:image:type\" content=\"image\/webp\" \/>\n<meta name=\"twitter:card\" content=\"summary_large_image\" \/>\n<meta name=\"twitter:label1\" content=\"Szacowany czas czytania\" \/>\n\t<meta name=\"twitter:data1\" content=\"2 minuty\" \/>\n<script type=\"application\/ld+json\" class=\"yoast-schema-graph\">{\"@context\":\"https:\\\/\\\/schema.org\",\"@graph\":[{\"@type\":\"WebPage\",\"@id\":\"https:\\\/\\\/computerio.net\\\/product\\\/bryton-rider-650\\\/\",\"url\":\"https:\\\/\\\/computerio.net\\\/product\\\/bryton-rider-650\\\/\",\"name\":\"Bryton Rider 650 | COMPUTERIO\",\"isPartOf\":{\"@id\":\"https:\\\/\\\/computerio.net\\\/#website\"},\"primaryImageOfPage\":{\"@id\":\"https:\\\/\\\/computerio.net\\\/product\\\/bryton-rider-650\\\/#primaryimage\"},\"image\":{\"@id\":\"https:\\\/\\\/computerio.net\\\/product\\\/bryton-rider-650\\\/#primaryimage\"},\"thumbnailUrl\":\"https:\\\/\\\/computerio.net\\\/wp-content\\\/uploads\\\/2025\\\/07\\\/computerio.net-bryton-rider-650-1.webp\",\"datePublished\":\"2025-05-04T12:20:50+00:00\",\"dateModified\":\"2025-07-16T10:28:52+00:00\",\"description\":\"The Rider 650 all-new GPS cycling computers designed to offer advanced features, user-friendly functionality, and full-color clarity all at a price that fits every rider\u2019s budget. Bryton is boldly moving beyond traditional black-and-white displays, ushering in a new era of cycling computers with vibrant full-color graphic user interfaces.\",\"breadcrumb\":{\"@id\":\"https:\\\/\\\/computerio.net\\\/product\\\/bryton-rider-650\\\/#breadcrumb\"},\"inLanguage\":\"pl-PL\",\"potentialAction\":[{\"@type\":\"ReadAction\",\"target\":[\"https:\\\/\\\/computerio.net\\\/product\\\/bryton-rider-650\\\/\"]}]},{\"@type\":\"ImageObject\",\"inLanguage\":\"pl-PL\",\"@id\":\"https:\\\/\\\/computerio.net\\\/product\\\/bryton-rider-650\\\/#primaryimage\",\"url\":\"https:\\\/\\\/computerio.net\\\/wp-content\\\/uploads\\\/2025\\\/07\\\/computerio.net-bryton-rider-650-1.webp\",\"contentUrl\":\"https:\\\/\\\/computerio.net\\\/wp-content\\\/uploads\\\/2025\\\/07\\\/computerio.net-bryton-rider-650-1.webp\",\"width\":1000,\"height\":1000,\"caption\":\"computerio.net bryton rider 650 1\"},{\"@type\":\"BreadcrumbList\",\"@id\":\"https:\\\/\\\/computerio.net\\\/product\\\/bryton-rider-650\\\/#breadcrumb\",\"itemListElement\":[{\"@type\":\"ListItem\",\"position\":1,\"name\":\"Home\",\"item\":\"https:\\\/\\\/computerio.net\\\/\"},{\"@type\":\"ListItem\",\"position\":2,\"name\":\"Shop\",\"item\":\"https:\\\/\\\/computerio.net\\\/shop\\\/\"},{\"@type\":\"ListItem\",\"position\":3,\"name\":\"Bryton Rider 650\"}]},{\"@type\":\"WebSite\",\"@id\":\"https:\\\/\\\/computerio.net\\\/#website\",\"url\":\"https:\\\/\\\/computerio.net\\\/\",\"name\":\"COMPUTERIO\",\"description\":\"Sklep i konfigurator ASUS Intel NUC\",\"publisher\":{\"@id\":\"https:\\\/\\\/computerio.net\\\/#organization\"},\"potentialAction\":[{\"@type\":\"SearchAction\",\"target\":{\"@type\":\"EntryPoint\",\"urlTemplate\":\"https:\\\/\\\/computerio.net\\\/?s={search_term_string}\"},\"query-input\":{\"@type\":\"PropertyValueSpecification\",\"valueRequired\":true,\"valueName\":\"search_term_string\"}}],\"inLanguage\":\"pl-PL\"},{\"@type\":\"Organization\",\"@id\":\"https:\\\/\\\/computerio.net\\\/#organization\",\"name\":\"Lazurion Sp. z o.o.\",\"alternateName\":\"Lazurion\",\"url\":\"https:\\\/\\\/computerio.net\\\/\",\"logo\":{\"@type\":\"ImageObject\",\"inLanguage\":\"pl-PL\",\"@id\":\"https:\\\/\\\/computerio.net\\\/#\\\/schema\\\/logo\\\/image\\\/\",\"url\":\"\",\"contentUrl\":\"\",\"caption\":\"Lazurion Sp. z o.o.\"},\"image\":{\"@id\":\"https:\\\/\\\/computerio.net\\\/#\\\/schema\\\/logo\\\/image\\\/\"}}]}<\/script>\n<!-- \/ Yoast SEO plugin. -->","yoast_head_json":{"title":"Bryton Rider 650 | COMPUTERIO","description":"Ca\u0142kowicie nowe komputery rowerowe GPS Rider 650 zosta\u0142y zaprojektowane tak, aby oferowa\u0107 zaawansowane funkcje, przyjazn\u0105 dla u\u017cytkownika funkcjonalno\u015b\u0107 i przejrzysto\u015b\u0107 w pe\u0142nym kolorze, a wszystko to w cenie, kt\u00f3ra pasuje do bud\u017cetu ka\u017cdego rowerzysty. Bryton odwa\u017cnie wykracza poza tradycyjne czarno-bia\u0142e wy\u015bwietlacze, zapocz\u0105tkowuj\u0105c now\u0105 er\u0119 komputer\u00f3w rowerowych z \u017cywym, pe\u0142nokolorowym graficznym interfejsem u\u017cytkownika.","robots":{"index":"index","follow":"follow","max-snippet":"max-snippet:-1","max-image-preview":"max-image-preview:large","max-video-preview":"max-video-preview:-1"},"canonical":"https:\/\/computerio.net\/pl\/produkt\/bryton-rider-650\/","og_locale":"pl_PL","og_type":"article","og_title":"Bryton Rider 650 | COMPUTERIO","og_description":"The Rider 650 all-new GPS cycling computers designed to offer advanced features, user-friendly functionality, and full-color clarity all at a price that fits every rider\u2019s budget. Bryton is boldly moving beyond traditional black-and-white displays, ushering in a new era of cycling computers with vibrant full-color graphic user interfaces.","og_url":"https:\/\/computerio.net\/pl\/produkt\/bryton-rider-650\/","og_site_name":"COMPUTERIO","article_modified_time":"2025-07-16T10:28:52+00:00","og_image":[{"width":1000,"height":1000,"url":"https:\/\/computerio.net\/wp-content\/uploads\/2025\/07\/computerio.net-bryton-rider-650-1.webp","type":"image\/webp"}],"twitter_card":"summary_large_image","twitter_misc":{"Szacowany czas czytania":"2 minuty"},"schema":{"@context":"https:\/\/schema.org","@graph":[{"@type":"WebPage","@id":"https:\/\/computerio.net\/product\/bryton-rider-650\/","url":"https:\/\/computerio.net\/product\/bryton-rider-650\/","name":"Bryton Rider 650 | COMPUTERIO","isPartOf":{"@id":"https:\/\/computerio.net\/#website"},"primaryImageOfPage":{"@id":"https:\/\/computerio.net\/product\/bryton-rider-650\/#primaryimage"},"image":{"@id":"https:\/\/computerio.net\/product\/bryton-rider-650\/#primaryimage"},"thumbnailUrl":"https:\/\/computerio.net\/wp-content\/uploads\/2025\/07\/computerio.net-bryton-rider-650-1.webp","datePublished":"2025-05-04T12:20:50+00:00","dateModified":"2025-07-16T10:28:52+00:00","description":"Ca\u0142kowicie nowe komputery rowerowe GPS Rider 650 zosta\u0142y zaprojektowane tak, aby oferowa\u0107 zaawansowane funkcje, przyjazn\u0105 dla u\u017cytkownika funkcjonalno\u015b\u0107 i przejrzysto\u015b\u0107 w pe\u0142nym kolorze, a wszystko to w cenie, kt\u00f3ra pasuje do bud\u017cetu ka\u017cdego rowerzysty. Bryton odwa\u017cnie wykracza poza tradycyjne czarno-bia\u0142e wy\u015bwietlacze, zapocz\u0105tkowuj\u0105c now\u0105 er\u0119 komputer\u00f3w rowerowych z \u017cywym, pe\u0142nokolorowym graficznym interfejsem u\u017cytkownika.","breadcrumb":{"@id":"https:\/\/computerio.net\/product\/bryton-rider-650\/#breadcrumb"},"inLanguage":"pl-PL","potentialAction":[{"@type":"ReadAction","target":["https:\/\/computerio.net\/product\/bryton-rider-650\/"]}]},{"@type":"ImageObject","inLanguage":"pl-PL","@id":"https:\/\/computerio.net\/product\/bryton-rider-650\/#primaryimage","url":"https:\/\/computerio.net\/wp-content\/uploads\/2025\/07\/computerio.net-bryton-rider-650-1.webp","contentUrl":"https:\/\/computerio.net\/wp-content\/uploads\/2025\/07\/computerio.net-bryton-rider-650-1.webp","width":1000,"height":1000,"caption":"computerio.net bryton rider 650 1"},{"@type":"BreadcrumbList","@id":"https:\/\/computerio.net\/product\/bryton-rider-650\/#breadcrumb","itemListElement":[{"@type":"ListItem","position":1,"name":"Home","item":"https:\/\/computerio.net\/"},{"@type":"ListItem","position":2,"name":"Shop","item":"https:\/\/computerio.net\/shop\/"},{"@type":"ListItem","position":3,"name":"Bryton Rider 650"}]},{"@type":"WebSite","@id":"https:\/\/computerio.net\/#website","url":"https:\/\/computerio.net\/","name":"COMPUTERIO","description":"Sklep i konfigurator ASUS Intel NUC","publisher":{"@id":"https:\/\/computerio.net\/#organization"},"potentialAction":[{"@type":"SearchAction","target":{"@type":"EntryPoint","urlTemplate":"https:\/\/computerio.net\/?s={search_term_string}"},"query-input":{"@type":"PropertyValueSpecification","valueRequired":true,"valueName":"search_term_string"}}],"inLanguage":"pl-PL"},{"@type":"Organization","@id":"https:\/\/computerio.net\/#organization","name":"Lazurion Sp. z o.o.","alternateName":"Lazurion","url":"https:\/\/computerio.net\/","logo":{"@type":"ImageObject","inLanguage":"pl-PL","@id":"https:\/\/computerio.net\/#\/schema\/logo\/image\/","url":"","contentUrl":"","caption":"Lazurion Sp. z o.o."},"image":{"@id":"https:\/\/computerio.net\/#\/schema\/logo\/image\/"}}]}},"_links":{"self":[{"href":"https:\/\/computerio.net\/pl\/wp-json\/wp\/v2\/product\/60032","targetHints":{"allow":["GET"]}}],"collection":[{"href":"https:\/\/computerio.net\/pl\/wp-json\/wp\/v2\/product"}],"about":[{"href":"https:\/\/computerio.net\/pl\/wp-json\/wp\/v2\/types\/product"}],"replies":[{"embeddable":true,"href":"https:\/\/computerio.net\/pl\/wp-json\/wp\/v2\/comments?post=60032"}],"version-history":[{"count":3,"href":"https:\/\/computerio.net\/pl\/wp-json\/wp\/v2\/product\/60032\/revisions"}],"predecessor-version":[{"id":65103,"href":"https:\/\/computerio.net\/pl\/wp-json\/wp\/v2\/product\/60032\/revisions\/65103"}],"wp:featuredmedia":[{"embeddable":true,"href":"https:\/\/computerio.net\/pl\/wp-json\/wp\/v2\/media\/60034"}],"wp:attachment":[{"href":"https:\/\/computerio.net\/pl\/wp-json\/wp\/v2\/media?parent=60032"}],"wp:term":[{"taxonomy":"product_brand","embeddable":true,"href":"https:\/\/computerio.net\/pl\/wp-json\/wp\/v2\/product_brand?post=60032"},{"taxonomy":"product_cat","embeddable":true,"href":"https:\/\/computerio.net\/pl\/wp-json\/wp\/v2\/product_cat?post=60032"},{"taxonomy":"product_tag","embeddable":true,"href":"https:\/\/computerio.net\/pl\/wp-json\/wp\/v2\/product_tag?post=60032"}],"curies":[{"name":"wp","href":"https:\/\/api.w.org\/{rel}","templated":true}]}}